{"id":2495,"date":"2022-09-28T20:01:41","date_gmt":"2022-09-28T20:01:41","guid":{"rendered":"https:\/\/www.ibersaude.pt\/saude\/?page_id=2495"},"modified":"2022-09-29T17:43:40","modified_gmt":"2022-09-29T17:43:40","slug":"resolucao-de-litigios-online","status":"publish","type":"page","link":"https:\/\/www.ibersaude.pt\/saude\/resolucao-de-litigios-online\/","title":{"rendered":"Resolu\u00e7\u00e3o de Lit\u00edgios Online"},"content":{"rendered":"<p>[vc_row][vc_column][vc_custom_heading text=&#8221;Resolu\u00e7\u00e3o de Lit\u00edgios Online&#8221; font_container=&#8221;tag:h2|text_align:center&#8221; google_fonts=&#8221;font_family:Jockey%20One%3Aregular|font_style:400%20regular%3A400%3Anormal&#8221;][\/vc_column][\/vc_row][vc_row][vc_column][vc_separator color=&#8221;custom&#8221; border_width=&#8221;4&#8243; el_width=&#8221;20&#8243; accent_color=&#8221;#f8a42a&#8221;][\/vc_column][\/vc_row][vc_row][vc_column][vc_column_text]A resolu\u00e7\u00e3o alternativa de lit\u00edgios \u00e9 a possibilidade que todos os consumidores t\u00eam ao seu dispor de recorrer a entidades oficiais que os ajudem na resolu\u00e7\u00e3o, ou orienta\u00e7\u00e3o de algum conflito, antes de abrirem processos litigiosos nos Tribunais.<\/p>\n<p>Em caso de lit\u00edgio o consumidor pode recorrer a uma Entidade de Resolu\u00e7\u00e3o Alternativa de Lit\u00edgios de consumo.<\/p>\n<p><strong>CENTROS DE ARBITRAGEM DE COMPET\u00caNCIA GEN\u00c9RICA<\/strong><\/p>\n<p><strong>Centro Nacional de Informa\u00e7\u00e3o e Arbitragem de Conflitos de Consumo<\/strong><br \/>\nFaculdade de Direito da Universidade Nova de Lisboa<br \/>\nCampus de Campolide<br \/>\n1099-032 Lisboa<\/p>\n<p>Tel.: 213 847 484<br \/>\nE-mail: <a href=\"mailto:cniacc@fd.unl.pt\">cniacc@fd.unl.pt<\/a><br \/>\nWeb: <a href=\"http:\/\/www.arbitragemdeconsumo.org\">www.arbitragemdeconsumo.org<\/a><\/p>\n<p><strong>Centro de Informa\u00e7\u00e3o, Medi\u00e7\u00e3o e Arbitragem de Conflitos de Lisboa<\/strong><br \/>\nRua dos Douradores, 116, 2\u00ba<br \/>\n1100-207 LISBOA<\/p>\n<p>Tel: 218 807 030<br \/>\nE-mail: <a href=\"mailto:juridico@centroarbitragemlisboa.pt\">juridico@centroarbitragemlisboa.pt<\/a><br \/>\nWeb: <a href=\"http:\/\/www.centroarbitragemlisboa.pt\">www.centroarbitragemlisboa.pt<\/a>[\/vc_column_text][\/vc_column][\/vc_row]<\/p>\n","protected":false},"excerpt":{"rendered":"<p>[vc_row][vc_column][vc_custom_heading text=&#8221;Resolu\u00e7\u00e3o de Lit\u00edgios Online&#8221; font_container=&#8221;tag:h2|text_align:center&#8221; google_fonts=&#8221;font_family:Jockey%20One%3Aregular|font_style:400%20regular%3A400%3Anormal&#8221;][\/vc_column][\/vc_row][vc_row][vc_column][vc_separator color=&#8221;custom&#8221; border_width=&#8221;4&#8243; el_width=&#8221;20&#8243; accent_color=&#8221;#f8a42a&#8221;][\/vc_column][\/vc_row][vc_row][vc_column][vc_column_text]A resolu\u00e7\u00e3o alternativa de lit\u00edgios \u00e9 a possibilidade que todos os consumidores t\u00eam ao seu dispor de recorrer a entidades oficiais que os ajudem na resolu\u00e7\u00e3o, ou orienta\u00e7\u00e3o de algum conflito, antes de abrirem processos litigiosos nos Tribunais. Em caso de lit\u00edgio o consumidor pode<\/p>\n","protected":false},"author":1,"featured_media":0,"parent":0,"menu_order":0,"comment_status":"closed","ping_status":"closed","template":"","meta":{"_joinchat":[],"footnotes":""},"class_list":["post-2495","page","type-page","status-publish","hentry"],"yoast_head":"<!-- This site is optimized with the Yoast SEO plugin v21.4 - https:\/\/yoast.com\/wordpress\/plugins\/seo\/ -->\n<title>Resolu\u00e7\u00e3o de Lit\u00edgios Online - Ibersa\u00fade Sa\u00fade<\/title>\n<meta name=\"robots\" content=\"index, follow, max-snippet:-1, max-image-preview:large, max-video-preview:-1\" \/>\n<link rel=\"canonical\" href=\"https:\/\/www.ibersaude.pt\/saude\/resolucao-de-litigios-online\/\" \/>\n<meta property=\"og:locale\" content=\"pt_PT\" \/>\n<meta property=\"og:type\" content=\"article\" \/>\n<meta property=\"og:title\" content=\"Resolu\u00e7\u00e3o de Lit\u00edgios Online - Ibersa\u00fade Sa\u00fade\" \/>\n<meta property=\"og:description\" content=\"[vc_row][vc_column][vc_custom_heading text=&#8221;Resolu\u00e7\u00e3o de Lit\u00edgios Online&#8221; font_container=&#8221;tag:h2|text_align:center&#8221; google_fonts=&#8221;font_family:Jockey%20One%3Aregular|font_style:400%20regular%3A400%3Anormal&#8221;][\/vc_column][\/vc_row][vc_row][vc_column][vc_separator color=&#8221;custom&#8221; border_width=&#8221;4&#8243; el_width=&#8221;20&#8243; accent_color=&#8221;#f8a42a&#8221;][\/vc_column][\/vc_row][vc_row][vc_column][vc_column_text]A resolu\u00e7\u00e3o alternativa de lit\u00edgios \u00e9 a possibilidade que todos os consumidores t\u00eam ao seu dispor de recorrer a entidades oficiais que os ajudem na resolu\u00e7\u00e3o, ou orienta\u00e7\u00e3o de algum conflito, antes de abrirem processos litigiosos nos Tribunais. Em caso de lit\u00edgio o consumidor pode\" \/>\n<meta property=\"og:url\" content=\"https:\/\/www.ibersaude.pt\/saude\/resolucao-de-litigios-online\/\" \/>\n<meta property=\"og:site_name\" content=\"Ibersa\u00fade Sa\u00fade\" \/>\n<meta property=\"article:modified_time\" content=\"2022-09-29T17:43:40+00:00\" \/>\n<meta name=\"twitter:card\" content=\"summary_large_image\" \/>\n<meta name=\"twitter:label1\" content=\"Tempo estimado de leitura\" \/>\n\t<meta name=\"twitter:data1\" content=\"1 minuto\" \/>\n<script type=\"application\/ld+json\" class=\"yoast-schema-graph\">{\"@context\":\"https:\/\/schema.org\",\"@graph\":[{\"@type\":\"WebPage\",\"@id\":\"https:\/\/www.ibersaude.pt\/saude\/resolucao-de-litigios-online\/\",\"url\":\"https:\/\/www.ibersaude.pt\/saude\/resolucao-de-litigios-online\/\",\"name\":\"Resolu\u00e7\u00e3o de Lit\u00edgios Online - Ibersa\u00fade Sa\u00fade\",\"isPartOf\":{\"@id\":\"https:\/\/www.ibersaude.pt\/saude\/#website\"},\"datePublished\":\"2022-09-28T20:01:41+00:00\",\"dateModified\":\"2022-09-29T17:43:40+00:00\",\"breadcrumb\":{\"@id\":\"https:\/\/www.ibersaude.pt\/saude\/resolucao-de-litigios-online\/#breadcrumb\"},\"inLanguage\":\"pt-PT\",\"potentialAction\":[{\"@type\":\"ReadAction\",\"target\":[\"https:\/\/www.ibersaude.pt\/saude\/resolucao-de-litigios-online\/\"]}]},{\"@type\":\"BreadcrumbList\",\"@id\":\"https:\/\/www.ibersaude.pt\/saude\/resolucao-de-litigios-online\/#breadcrumb\",\"itemListElement\":[{\"@type\":\"ListItem\",\"position\":1,\"name\":\"In\u00edcio\",\"item\":\"https:\/\/www.ibersaude.pt\/saude\/\"},{\"@type\":\"ListItem\",\"position\":2,\"name\":\"Resolu\u00e7\u00e3o de Lit\u00edgios Online\"}]},{\"@type\":\"WebSite\",\"@id\":\"https:\/\/www.ibersaude.pt\/saude\/#website\",\"url\":\"https:\/\/www.ibersaude.pt\/saude\/\",\"name\":\"Ibersa\u00fade Sa\u00fade\",\"description\":\"Consigo em todos os momentos.\",\"potentialAction\":[{\"@type\":\"SearchAction\",\"target\":{\"@type\":\"EntryPoint\",\"urlTemplate\":\"https:\/\/www.ibersaude.pt\/saude\/?s={search_term_string}\"},\"query-input\":\"required name=search_term_string\"}],\"inLanguage\":\"pt-PT\"}]}<\/script>\n<!-- \/ Yoast SEO plugin. -->","yoast_head_json":{"title":"Resolu\u00e7\u00e3o de Lit\u00edgios Online - Ibersa\u00fade Sa\u00fade","robots":{"index":"index","follow":"follow","max-snippet":"max-snippet:-1","max-image-preview":"max-image-preview:large","max-video-preview":"max-video-preview:-1"},"canonical":"https:\/\/www.ibersaude.pt\/saude\/resolucao-de-litigios-online\/","og_locale":"pt_PT","og_type":"article","og_title":"Resolu\u00e7\u00e3o de Lit\u00edgios Online - Ibersa\u00fade Sa\u00fade","og_description":"[vc_row][vc_column][vc_custom_heading text=&#8221;Resolu\u00e7\u00e3o de Lit\u00edgios Online&#8221; font_container=&#8221;tag:h2|text_align:center&#8221; google_fonts=&#8221;font_family:Jockey%20One%3Aregular|font_style:400%20regular%3A400%3Anormal&#8221;][\/vc_column][\/vc_row][vc_row][vc_column][vc_separator color=&#8221;custom&#8221; border_width=&#8221;4&#8243; el_width=&#8221;20&#8243; accent_color=&#8221;#f8a42a&#8221;][\/vc_column][\/vc_row][vc_row][vc_column][vc_column_text]A resolu\u00e7\u00e3o alternativa de lit\u00edgios \u00e9 a possibilidade que todos os consumidores t\u00eam ao seu dispor de recorrer a entidades oficiais que os ajudem na resolu\u00e7\u00e3o, ou orienta\u00e7\u00e3o de algum conflito, antes de abrirem processos litigiosos nos Tribunais. Em caso de lit\u00edgio o consumidor pode","og_url":"https:\/\/www.ibersaude.pt\/saude\/resolucao-de-litigios-online\/","og_site_name":"Ibersa\u00fade Sa\u00fade","article_modified_time":"2022-09-29T17:43:40+00:00","twitter_card":"summary_large_image","twitter_misc":{"Tempo estimado de leitura":"1 minuto"},"schema":{"@context":"https:\/\/schema.org","@graph":[{"@type":"WebPage","@id":"https:\/\/www.ibersaude.pt\/saude\/resolucao-de-litigios-online\/","url":"https:\/\/www.ibersaude.pt\/saude\/resolucao-de-litigios-online\/","name":"Resolu\u00e7\u00e3o de Lit\u00edgios Online - Ibersa\u00fade Sa\u00fade","isPartOf":{"@id":"https:\/\/www.ibersaude.pt\/saude\/#website"},"datePublished":"2022-09-28T20:01:41+00:00","dateModified":"2022-09-29T17:43:40+00:00","breadcrumb":{"@id":"https:\/\/www.ibersaude.pt\/saude\/resolucao-de-litigios-online\/#breadcrumb"},"inLanguage":"pt-PT","potentialAction":[{"@type":"ReadAction","target":["https:\/\/www.ibersaude.pt\/saude\/resolucao-de-litigios-online\/"]}]},{"@type":"BreadcrumbList","@id":"https:\/\/www.ibersaude.pt\/saude\/resolucao-de-litigios-online\/#breadcrumb","itemListElement":[{"@type":"ListItem","position":1,"name":"In\u00edcio","item":"https:\/\/www.ibersaude.pt\/saude\/"},{"@type":"ListItem","position":2,"name":"Resolu\u00e7\u00e3o de Lit\u00edgios Online"}]},{"@type":"WebSite","@id":"https:\/\/www.ibersaude.pt\/saude\/#website","url":"https:\/\/www.ibersaude.pt\/saude\/","name":"Ibersa\u00fade Sa\u00fade","description":"Consigo em todos os momentos.","potentialAction":[{"@type":"SearchAction","target":{"@type":"EntryPoint","urlTemplate":"https:\/\/www.ibersaude.pt\/saude\/?s={search_term_string}"},"query-input":"required name=search_term_string"}],"inLanguage":"pt-PT"}]}},"_links":{"self":[{"href":"https:\/\/www.ibersaude.pt\/saude\/wp-json\/wp\/v2\/pages\/2495","targetHints":{"allow":["GET"]}}],"collection":[{"href":"https:\/\/www.ibersaude.pt\/saude\/wp-json\/wp\/v2\/pages"}],"about":[{"href":"https:\/\/www.ibersaude.pt\/saude\/wp-json\/wp\/v2\/types\/page"}],"author":[{"embeddable":true,"href":"https:\/\/www.ibersaude.pt\/saude\/wp-json\/wp\/v2\/users\/1"}],"replies":[{"embeddable":true,"href":"https:\/\/www.ibersaude.pt\/saude\/wp-json\/wp\/v2\/comments?post=2495"}],"version-history":[{"count":2,"href":"https:\/\/www.ibersaude.pt\/saude\/wp-json\/wp\/v2\/pages\/2495\/revisions"}],"predecessor-version":[{"id":2497,"href":"https:\/\/www.ibersaude.pt\/saude\/wp-json\/wp\/v2\/pages\/2495\/revisions\/2497"}],"wp:attachment":[{"href":"https:\/\/www.ibersaude.pt\/saude\/wp-json\/wp\/v2\/media?parent=2495"}],"curies":[{"name":"wp","href":"https:\/\/api.w.org\/{rel}","templated":true}]}}