{"id":2174,"date":"2021-03-01T05:47:57","date_gmt":"2021-03-01T05:47:57","guid":{"rendered":"https:\/\/children2.secretlab.name\/?page_id=3"},"modified":"2022-10-21T13:20:10","modified_gmt":"2022-10-21T13:20:10","slug":"politica-de-privacidade","status":"publish","type":"page","link":"https:\/\/www.ibersaude.pt\/saude\/politica-de-privacidade\/","title":{"rendered":"Politica de Privacidade"},"content":{"rendered":"<p>[vc_row][vc_column][vc_custom_heading text=&#8221;Politica de Privacidade&#8221; font_container=&#8221;tag:h2|font_size:46|text_align:center&#8221; google_fonts=&#8221;font_family:Jockey%20One%3Aregular|font_style:400%20regular%3A400%3Anormal&#8221;][\/vc_column][\/vc_row][vc_row][vc_column][vc_separator color=&#8221;custom&#8221; border_width=&#8221;4&#8243; el_width=&#8221;20&#8243; accent_color=&#8221;#dd911f&#8221;][\/vc_column][\/vc_row][vc_row][vc_column][vc_column_text]O endere\u00e7o do nosso site: www.ibersaude.pt\/saude<\/p>\n<p><strong>DADOS DE REGISTO<\/strong><br \/>\nA Ibersa\u00fade regista apenas os dados pessoais (nome e telefone) que constam do formul\u00e1rio de pedido de contacto, necess\u00e1rios para entrar em contacto com o cliente de forma a responder \u00e0s suas solicita\u00e7\u00f5es. Assume o compromisso da privacidade e seguran\u00e7a no processamento dos mesmos, bem como da manuten\u00e7\u00e3o dos dados pessoais de cada cliente.<br \/>\nEm situa\u00e7\u00e3o alguma os dados solicitados no formul\u00e1rio de pedido de contacto telef\u00f3nico ser\u00e3o fornecidos a terceiros.<\/p>\n<p><strong>DIREITO DE ALTERA\u00c7\u00c3O, RECTIFICA\u00c7\u00c3O, REMO\u00c7\u00c3O E ESQUECIMENTO<\/strong><br \/>\nO cliente tem o direito \u00e0 altera\u00e7\u00e3o, retifica\u00e7\u00e3o, remo\u00e7\u00e3o e esquecimento dos seus dados do nosso sistema. Caso deseje exercer o seu direito de altera\u00e7\u00e3o, rectifica\u00e7\u00e3o, remo\u00e7\u00e3o ou esquecimento dos seus dados pessoais, por favor envie-nos um e-mail para geral@ibersaude.pt.<\/p>\n<p><strong>USO DE COOKIES<\/strong><br \/>\nEste site utiliza cookies para lhe permitir ter uma melhor experi\u00eancia de navega\u00e7\u00e3o no site.<br \/>\nContinuando a navegar estar\u00e1 a dar o seu consentimento para a aceita\u00e7\u00e3o dos referidos cookies bem como da nossa Pol\u00edtica de Cookies.<\/p>\n<p><strong>\u00a0<\/strong><strong>O QUE S\u00c3O COOKIES?<\/strong><br \/>\nOs \u201cCookies\u201d s\u00e3o pequenos ficheiros de texto que s\u00e3o armazenados no seu computador atrav\u00e9s do navegador, retendo apenas informa\u00e7\u00e3o relacionada com as suas prefer\u00eancias, n\u00e3o incluindo, como tal, os seus dados pessoais.<br \/>\nEstes permitem o armazenamento de um conjunto de informa\u00e7\u00f5es relacionadas com o utilizador, em que umas s\u00e3o usadas para reconhecer o utilizador em futuras visitas ao nosso site, e outras s\u00e3o usadas para garantir as funcionalidades disponibilizadas e melhorar o desempenho e a experi\u00eancia do utilizador no site.<br \/>\nOs cookies podem ser, a qualquer momento, desactivados ou geridos. Para saber como o fazer aceda \u00e0 \u00e1rea de \u201cAjuda\u201d do seu navegador.<\/p>\n<p><strong>FINALIDADE DOS COOKIES<\/strong><br \/>\nA utiliza\u00e7\u00e3o de cookies serve para optimizar a navega\u00e7\u00e3o do utilizador, permitindo que os dados armazenados melhorem a sua experi\u00eancia no site, aumentando tamb\u00e9m a efici\u00eancia de resposta do endere\u00e7o web.<\/p>\n<p><strong>TIPOS DE COOKIES<\/strong><br \/>\nOs cookies s\u00e3o segmentados de acordo com a sua finalidade e data de validade.<br \/>\nOs cookies essenciais s\u00e3o elementos fundamentais de acesso a determinadas \u00e1reas do site, tais como o acesso a \u00e1reas seguras do site. Ao desactivar os cookies os mesmos servi\u00e7os poder\u00e3o n\u00e3o ser consultados.<br \/>\nOs cookies de funcionalidade memorizam as prefer\u00eancias de navega\u00e7\u00e3o do utilizador.<br \/>\nOs cookies anal\u00edticos permitem a memoriza\u00e7\u00e3o da forma como determinado site \u00e9 navegado, com a finalidade de apresenta\u00e7\u00e3o de produtos ou servi\u00e7os que v\u00e3o de encontro ao utilizador, atrav\u00e9s da monitoriza\u00e7\u00e3o do site.<\/p>\n<p><strong>CONSENTIMENTO<\/strong><br \/>\nO utilizador ao aceder ao nosso site d\u00e1 o seu consentimento para o uso de cookies atrav\u00e9s de um bot\u00e3o OK no banner que aparece quando o utilizador visita pela primeira vez o nosso site.[\/vc_column_text][\/vc_column][\/vc_row]<\/p>\n","protected":false},"excerpt":{"rendered":"<p>[vc_row][vc_column][vc_custom_heading text=&#8221;Politica de Privacidade&#8221; font_container=&#8221;tag:h2|font_size:46|text_align:center&#8221; google_fonts=&#8221;font_family:Jockey%20One%3Aregular|font_style:400%20regular%3A400%3Anormal&#8221;][\/vc_column][\/vc_row][vc_row][vc_column][vc_separator color=&#8221;custom&#8221; border_width=&#8221;4&#8243; el_width=&#8221;20&#8243; accent_color=&#8221;#dd911f&#8221;][\/vc_column][\/vc_row][vc_row][vc_column][vc_column_text]O endere\u00e7o do nosso site: www.ibersaude.pt\/saude DADOS DE REGISTO A Ibersa\u00fade regista apenas os dados pessoais (nome e telefone) que constam do formul\u00e1rio de pedido de contacto, necess\u00e1rios para entrar em contacto com o cliente de forma a responder \u00e0s suas solicita\u00e7\u00f5es. Assume o compromisso da<\/p>\n","protected":false},"author":1,"featured_media":0,"parent":0,"menu_order":0,"comment_status":"closed","ping_status":"open","template":"","meta":{"_joinchat":[],"footnotes":""},"class_list":["post-2174","page","type-page","status-publish","hentry"],"yoast_head":"<!-- This site is optimized with the Yoast SEO plugin v21.4 - https:\/\/yoast.com\/wordpress\/plugins\/seo\/ -->\n<title>Politica de Privacidade - Ibersa\u00fade Sa\u00fade<\/title>\n<meta name=\"robots\" content=\"index, follow, max-snippet:-1, max-image-preview:large, max-video-preview:-1\" \/>\n<link rel=\"canonical\" href=\"https:\/\/www.ibersaude.pt\/saude\/politica-de-privacidade\/\" \/>\n<meta property=\"og:locale\" content=\"pt_PT\" \/>\n<meta property=\"og:type\" content=\"article\" \/>\n<meta property=\"og:title\" content=\"Politica de Privacidade - Ibersa\u00fade Sa\u00fade\" \/>\n<meta property=\"og:description\" content=\"[vc_row][vc_column][vc_custom_heading text=&#8221;Politica de Privacidade&#8221; font_container=&#8221;tag:h2|font_size:46|text_align:center&#8221; google_fonts=&#8221;font_family:Jockey%20One%3Aregular|font_style:400%20regular%3A400%3Anormal&#8221;][\/vc_column][\/vc_row][vc_row][vc_column][vc_separator color=&#8221;custom&#8221; border_width=&#8221;4&#8243; el_width=&#8221;20&#8243; accent_color=&#8221;#dd911f&#8221;][\/vc_column][\/vc_row][vc_row][vc_column][vc_column_text]O endere\u00e7o do nosso site: www.ibersaude.pt\/saude DADOS DE REGISTO A Ibersa\u00fade regista apenas os dados pessoais (nome e telefone) que constam do formul\u00e1rio de pedido de contacto, necess\u00e1rios para entrar em contacto com o cliente de forma a responder \u00e0s suas solicita\u00e7\u00f5es. Assume o compromisso da\" \/>\n<meta property=\"og:url\" content=\"https:\/\/www.ibersaude.pt\/saude\/politica-de-privacidade\/\" \/>\n<meta property=\"og:site_name\" content=\"Ibersa\u00fade Sa\u00fade\" \/>\n<meta property=\"article:modified_time\" content=\"2022-10-21T13:20:10+00:00\" \/>\n<meta name=\"twitter:card\" content=\"summary_large_image\" \/>\n<meta name=\"twitter:label1\" content=\"Tempo estimado de leitura\" \/>\n\t<meta name=\"twitter:data1\" content=\"3 minutos\" \/>\n<script type=\"application\/ld+json\" class=\"yoast-schema-graph\">{\"@context\":\"https:\/\/schema.org\",\"@graph\":[{\"@type\":\"WebPage\",\"@id\":\"https:\/\/www.ibersaude.pt\/saude\/politica-de-privacidade\/\",\"url\":\"https:\/\/www.ibersaude.pt\/saude\/politica-de-privacidade\/\",\"name\":\"Politica de Privacidade - Ibersa\u00fade Sa\u00fade\",\"isPartOf\":{\"@id\":\"https:\/\/www.ibersaude.pt\/saude\/#website\"},\"datePublished\":\"2021-03-01T05:47:57+00:00\",\"dateModified\":\"2022-10-21T13:20:10+00:00\",\"breadcrumb\":{\"@id\":\"https:\/\/www.ibersaude.pt\/saude\/politica-de-privacidade\/#breadcrumb\"},\"inLanguage\":\"pt-PT\",\"potentialAction\":[{\"@type\":\"ReadAction\",\"target\":[\"https:\/\/www.ibersaude.pt\/saude\/politica-de-privacidade\/\"]}]},{\"@type\":\"BreadcrumbList\",\"@id\":\"https:\/\/www.ibersaude.pt\/saude\/politica-de-privacidade\/#breadcrumb\",\"itemListElement\":[{\"@type\":\"ListItem\",\"position\":1,\"name\":\"In\u00edcio\",\"item\":\"https:\/\/www.ibersaude.pt\/saude\/\"},{\"@type\":\"ListItem\",\"position\":2,\"name\":\"Politica de Privacidade\"}]},{\"@type\":\"WebSite\",\"@id\":\"https:\/\/www.ibersaude.pt\/saude\/#website\",\"url\":\"https:\/\/www.ibersaude.pt\/saude\/\",\"name\":\"Ibersa\u00fade Sa\u00fade\",\"description\":\"Consigo em todos os momentos.\",\"potentialAction\":[{\"@type\":\"SearchAction\",\"target\":{\"@type\":\"EntryPoint\",\"urlTemplate\":\"https:\/\/www.ibersaude.pt\/saude\/?s={search_term_string}\"},\"query-input\":\"required name=search_term_string\"}],\"inLanguage\":\"pt-PT\"}]}<\/script>\n<!-- \/ Yoast SEO plugin. -->","yoast_head_json":{"title":"Politica de Privacidade - Ibersa\u00fade Sa\u00fade","robots":{"index":"index","follow":"follow","max-snippet":"max-snippet:-1","max-image-preview":"max-image-preview:large","max-video-preview":"max-video-preview:-1"},"canonical":"https:\/\/www.ibersaude.pt\/saude\/politica-de-privacidade\/","og_locale":"pt_PT","og_type":"article","og_title":"Politica de Privacidade - Ibersa\u00fade Sa\u00fade","og_description":"[vc_row][vc_column][vc_custom_heading text=&#8221;Politica de Privacidade&#8221; font_container=&#8221;tag:h2|font_size:46|text_align:center&#8221; google_fonts=&#8221;font_family:Jockey%20One%3Aregular|font_style:400%20regular%3A400%3Anormal&#8221;][\/vc_column][\/vc_row][vc_row][vc_column][vc_separator color=&#8221;custom&#8221; border_width=&#8221;4&#8243; el_width=&#8221;20&#8243; accent_color=&#8221;#dd911f&#8221;][\/vc_column][\/vc_row][vc_row][vc_column][vc_column_text]O endere\u00e7o do nosso site: www.ibersaude.pt\/saude DADOS DE REGISTO A Ibersa\u00fade regista apenas os dados pessoais (nome e telefone) que constam do formul\u00e1rio de pedido de contacto, necess\u00e1rios para entrar em contacto com o cliente de forma a responder \u00e0s suas solicita\u00e7\u00f5es. Assume o compromisso da","og_url":"https:\/\/www.ibersaude.pt\/saude\/politica-de-privacidade\/","og_site_name":"Ibersa\u00fade Sa\u00fade","article_modified_time":"2022-10-21T13:20:10+00:00","twitter_card":"summary_large_image","twitter_misc":{"Tempo estimado de leitura":"3 minutos"},"schema":{"@context":"https:\/\/schema.org","@graph":[{"@type":"WebPage","@id":"https:\/\/www.ibersaude.pt\/saude\/politica-de-privacidade\/","url":"https:\/\/www.ibersaude.pt\/saude\/politica-de-privacidade\/","name":"Politica de Privacidade - Ibersa\u00fade Sa\u00fade","isPartOf":{"@id":"https:\/\/www.ibersaude.pt\/saude\/#website"},"datePublished":"2021-03-01T05:47:57+00:00","dateModified":"2022-10-21T13:20:10+00:00","breadcrumb":{"@id":"https:\/\/www.ibersaude.pt\/saude\/politica-de-privacidade\/#breadcrumb"},"inLanguage":"pt-PT","potentialAction":[{"@type":"ReadAction","target":["https:\/\/www.ibersaude.pt\/saude\/politica-de-privacidade\/"]}]},{"@type":"BreadcrumbList","@id":"https:\/\/www.ibersaude.pt\/saude\/politica-de-privacidade\/#breadcrumb","itemListElement":[{"@type":"ListItem","position":1,"name":"In\u00edcio","item":"https:\/\/www.ibersaude.pt\/saude\/"},{"@type":"ListItem","position":2,"name":"Politica de Privacidade"}]},{"@type":"WebSite","@id":"https:\/\/www.ibersaude.pt\/saude\/#website","url":"https:\/\/www.ibersaude.pt\/saude\/","name":"Ibersa\u00fade Sa\u00fade","description":"Consigo em todos os momentos.","potentialAction":[{"@type":"SearchAction","target":{"@type":"EntryPoint","urlTemplate":"https:\/\/www.ibersaude.pt\/saude\/?s={search_term_string}"},"query-input":"required name=search_term_string"}],"inLanguage":"pt-PT"}]}},"_links":{"self":[{"href":"https:\/\/www.ibersaude.pt\/saude\/wp-json\/wp\/v2\/pages\/2174","targetHints":{"allow":["GET"]}}],"collection":[{"href":"https:\/\/www.ibersaude.pt\/saude\/wp-json\/wp\/v2\/pages"}],"about":[{"href":"https:\/\/www.ibersaude.pt\/saude\/wp-json\/wp\/v2\/types\/page"}],"author":[{"embeddable":true,"href":"https:\/\/www.ibersaude.pt\/saude\/wp-json\/wp\/v2\/users\/1"}],"replies":[{"embeddable":true,"href":"https:\/\/www.ibersaude.pt\/saude\/wp-json\/wp\/v2\/comments?post=2174"}],"version-history":[{"count":8,"href":"https:\/\/www.ibersaude.pt\/saude\/wp-json\/wp\/v2\/pages\/2174\/revisions"}],"predecessor-version":[{"id":2520,"href":"https:\/\/www.ibersaude.pt\/saude\/wp-json\/wp\/v2\/pages\/2174\/revisions\/2520"}],"wp:attachment":[{"href":"https:\/\/www.ibersaude.pt\/saude\/wp-json\/wp\/v2\/media?parent=2174"}],"curies":[{"name":"wp","href":"https:\/\/api.w.org\/{rel}","templated":true}]}}