{"id":2030,"date":"2016-12-28T10:07:43","date_gmt":"2016-12-28T10:07:43","guid":{"rendered":"http:\/\/children2.secretlab.name\/?page_id=2030"},"modified":"2023-02-22T21:31:15","modified_gmt":"2023-02-22T21:31:15","slug":"pre","status":"publish","type":"page","link":"https:\/\/www.ibersaude.pt\/saude\/","title":{"rendered":"Inicio"},"content":{"rendered":"<p>[vc_row full_width=&#8221;stretch_row&#8221; equal_height=&#8221;yes&#8221; css=&#8221;.vc_custom_1663952288191{margin-top: -80px !important;padding-bottom: 50px !important;background-color: #f9f9f9 !important;border-radius: 5px !important;}&#8221; el_class=&#8221;zindup&#8221;][vc_column width=&#8221;2\/3&#8243; css=&#8221;.vc_custom_1663952358018{margin-top: -50px !important;padding-right: 50px !important;padding-bottom: 25px !important;padding-left: 60px !important;background-color: #ffffff !important;}&#8221;][vc_custom_heading text=&#8221;Ibersa\u00fade&#8221; google_fonts=&#8221;font_family:Jockey%20One%3Aregular|font_style:400%20regular%3A400%3Anormal&#8221;][vc_custom_heading text=&#8221;A IberSa\u00fade, fundada em 2015, surge com o prop\u00f3sito de ser uma verdadeira resposta ao grande deficit na oferta e na qualidade no apoio domicili\u00e1rio existente no Pa\u00eds. Sob o mote, \u201cconsigo em todos os momentos\u201d, procuramos romper com a ideia de que o apoio domicili\u00e1rio \u00e9 apenas direcionado \u00e0 popula\u00e7\u00e3o s\u00e9nior.<br \/>\nNem sempre as fam\u00edlias podem estar sempre presentes na vida do idoso. Cri\u00e1mos a hip\u00f3tese da fam\u00edlia contratar um servi\u00e7o de apoio domicili\u00e1rio, garantindo o acompanhamento necess\u00e1rio para que ningu\u00e9m se sinta sozinho ou isolado.<br \/>\nUm apoio quer no acompanhamento, quer no tratamento baseado em metodologias diferenciadas e forma\u00e7\u00e3o especializada que permitem a presta\u00e7\u00e3o de cuidados de apoio domicili\u00e1rio de excel\u00eancia.&#8221; font_container=&#8221;tag:p|text_align:left&#8221; use_theme_fonts=&#8221;yes&#8221;][\/vc_column][vc_column width=&#8221;1\/3&#8243; css=&#8221;.vc_custom_1663952366532{margin-top: -50px !important;padding-bottom: 25px !important;background-color: #ffffff !important;}&#8221;]\n<div class=\"wpcf7 no-js\" id=\"wpcf7-f2041-o1\" lang=\"en-US\" dir=\"ltr\">\n<div class=\"screen-reader-response\"><p role=\"status\" aria-live=\"polite\" aria-atomic=\"true\"><\/p> <ul><\/ul><\/div>\n<form action=\"\/saude\/wp-json\/wp\/v2\/pages\/2030#wpcf7-f2041-o1\" method=\"post\" class=\"wpcf7-form init\" aria-label=\"Contact form\" novalidate=\"novalidate\" data-status=\"init\">\n<div style=\"display: none;\">\n<input type=\"hidden\" name=\"_wpcf7\" value=\"2041\" \/>\n<input type=\"hidden\" name=\"_wpcf7_version\" value=\"5.7.4\" \/>\n<input type=\"hidden\" name=\"_wpcf7_locale\" value=\"en_US\" \/>\n<input type=\"hidden\" name=\"_wpcf7_unit_tag\" value=\"wpcf7-f2041-o1\" \/>\n<input type=\"hidden\" name=\"_wpcf7_container_post\" value=\"0\" \/>\n<input type=\"hidden\" name=\"_wpcf7_posted_data_hash\" value=\"\" \/>\n<\/div>\n<div class=\"darkform4\">\n\t<p><strong>PARA + INFORMA\u00c7\u00d5ES<\/strong>\n\t<\/p>\n\t<div class=\"name form-group clearfix\">\n\t\t<p><span class=\"wpcf7-form-control-wrap\" data-name=\"text-349\"><input size=\"40\" class=\"wpcf7-form-control wpcf7-text wpcf7-validates-as-required\" aria-required=\"true\" aria-invalid=\"false\" placeholder=\"Nome (obrigat\u00f3rio)\" value=\"\" type=\"text\" name=\"text-349\" \/><\/span>\n\t\t<\/p>\n\t<\/div>\n\t<div class=\"name form-group clearfix\">\n\t\t<p><span class=\"wpcf7-form-control-wrap\" data-name=\"tel-65\"><input size=\"40\" class=\"wpcf7-form-control wpcf7-text wpcf7-tel wpcf7-validates-as-required wpcf7-validates-as-tel\" aria-required=\"true\" aria-invalid=\"false\" placeholder=\"Telefone (obrigat\u00f3rio)\" value=\"\" type=\"tel\" name=\"tel-65\" \/><\/span>\n\t\t<\/p>\n\t<\/div>\n\t<div class=\"text-center\">\n\t\t<p><input class=\"wpcf7-form-control has-spinner wpcf7-submit btn btn-default\" type=\"submit\" value=\"Liguem-me!\" \/>\n\t\t<\/p>\n\t<\/div>\n<\/div><div class=\"wpcf7-response-output\" aria-hidden=\"true\"><\/div>\n<\/form>\n<\/div>\n[\/vc_column][\/vc_row][vc_row full_width=&#8221;stretch_row&#8221; css=&#8221;.vc_custom_1663938557127{background-color: #79bced !important;}&#8221;][vc_column][vc_custom_heading text=&#8221;Recrutamento<br \/>\nVenha trabalhar connosco!&#8221; font_container=&#8221;tag:h3|text_align:center|color:%23ffffff&#8221; google_fonts=&#8221;font_family:Jockey%20One%3Aregular|font_style:400%20regular%3A400%3Anormal&#8221;][vc_column_text]<\/p>\n<p style=\"text-align: center;\"><span style=\"color: #ffffff;\">Estamos sempre \u00e0 procura dos melhores profissionais para integrar a nossa especializada e dedicada equipa de assist\u00eancia m\u00e9dica.<\/span><br \/>\n<span style=\"color: #ffffff;\">Envie-nos o seu CV para <a style=\"color: #ffffff;\" href=\"mailto:rh@ibersaude.pt\">rh@ibersaude.pt<\/a><\/span><\/p>\n<p>[\/vc_column_text][\/vc_column][\/vc_row][vc_row][vc_column css=&#8221;.vc_custom_1663953049715{padding-top: 40px !important;padding-bottom: 30px !important;}&#8221;][vc_custom_heading text=&#8221;OS NOSSOS SERVI\u00c7OS&#8221; font_container=&#8221;tag:h3|text_align:center&#8221; google_fonts=&#8221;font_family:Jockey%20One%3Aregular|font_style:400%20regular%3A400%3Anormal&#8221;][\/vc_column][\/vc_row][vc_row css=&#8221;.vc_custom_1663952059024{margin-bottom: 50px !important;}&#8221;][vc_column width=&#8221;1\/2&#8243;][vc_single_image image=&#8221;2560&#8243; img_size=&#8221;large&#8221;][vc_custom_heading text=&#8221;APOIO DOMICILI\u00c1RIO A IDOSOS (S\u00c9NIOR)&#8221; font_container=&#8221;tag:h5|text_align:left&#8221;][vc_column_text]Os nossos Servi\u00e7os de Apoio Domicili\u00e1rio s\u00e3o estruturados e organizados \u00e0 medida das necessidades dos nossos clientes.<\/p>\n<ul>\n<li>Cuidados de Higiene Pessoal, Imagem e Conforto<\/li>\n<li>Servi\u00e7o de Interna 24 horas<\/li>\n<li>Servi\u00e7o de Externa 4h\/8h\/ 12 horas ou mediante as suas necessidades<\/li>\n<li>Vigil\u00e2ncia\/ Assist\u00eancia Noturna<\/li>\n<li>Servi\u00e7os aos Fins-de-Semana<\/li>\n<li>Servi\u00e7os de acompanhamento em F\u00e9rias<\/li>\n<\/ul>\n<p>[\/vc_column_text][vc_btn title=&#8221;Saber mais&#8221; color=&#8221;warning&#8221; link=&#8221;url:https%3A%2F%2Fwww.ibersaude.pt%2Fsaude%2Fservice%2Fcuidados-domiciliarios%2F|title:Cuidados%20Domicili%C3%A1rios&#8221;][\/vc_column][vc_column width=&#8221;1\/2&#8243;][vc_single_image image=&#8221;2407&#8243; img_size=&#8221;large&#8221;][vc_custom_heading text=&#8221;TRATAMENTO DE FERIDAS AO DOMIC\u00cdLIO&#8221; font_container=&#8221;tag:h5|text_align:left&#8221;][vc_column_text]Estudos apontam que as feridas complexas apresentam dif\u00edcil resolu\u00e7\u00e3o e associam-se a perda de integridade cut\u00e2nea&#8230;<\/p>\n<ul>\n<li>Fazemos uma consulta de avalia\u00e7\u00e3o inicial para escolha da melhor abordagem.<\/li>\n<li>Terapia de Press\u00e3o Negativa &#8211; Vacuoterapia<\/li>\n<li>Tecnologia ECM (matriz extra-celular)<\/li>\n<li>O seu m\u00e9dico ser\u00e1 sempre envolvido em todo o processo.<\/li>\n<\/ul>\n<p>[\/vc_column_text][vc_btn title=&#8221;Saber mais&#8221; color=&#8221;warning&#8221; link=&#8221;url:https%3A%2F%2Fwww.ibersaude.pt%2Fsaude%2Fservice%2Ftratamento-feridas%2F|title:Tratamento%20de%20Feridas&#8221;][\/vc_column][\/vc_row]<\/p>\n","protected":false},"excerpt":{"rendered":"<p>[vc_row full_width=&#8221;stretch_row&#8221; equal_height=&#8221;yes&#8221; css=&#8221;.vc_custom_1663952288191{margin-top: -80px !important;padding-bottom: 50px !important;background-color: #f9f9f9 !important;border-radius: 5px !important;}&#8221; el_class=&#8221;zindup&#8221;][vc_column width=&#8221;2\/3&#8243; css=&#8221;.vc_custom_1663952358018{margin-top: -50px !important;padding-right: 50px !important;padding-bottom: 25px !important;padding-left: 60px !important;background-color: #ffffff !important;}&#8221;][vc_custom_heading text=&#8221;Ibersa\u00fade&#8221; google_fonts=&#8221;font_family:Jockey%20One%3Aregular|font_style:400%20regular%3A400%3Anormal&#8221;][vc_custom_heading text=&#8221;A IberSa\u00fade, fundada em 2015, surge com o prop\u00f3sito de ser uma verdadeira resposta ao grande deficit na oferta e na qualidade no apoio domicili\u00e1rio existente no Pa\u00eds.<\/p>\n","protected":false},"author":1,"featured_media":0,"parent":0,"menu_order":0,"comment_status":"closed","ping_status":"closed","template":"","meta":{"_joinchat":[],"footnotes":""},"class_list":["post-2030","page","type-page","status-publish","hentry"],"yoast_head":"<!-- This site is optimized with the Yoast SEO plugin v21.4 - https:\/\/yoast.com\/wordpress\/plugins\/seo\/ -->\n<title>Inicio - Ibersa\u00fade Sa\u00fade<\/title>\n<meta name=\"description\" content=\"Cuidados domicili\u00e1rios e tratamento de feridas\" \/>\n<meta name=\"robots\" content=\"index, follow, max-snippet:-1, max-image-preview:large, max-video-preview:-1\" \/>\n<link rel=\"canonical\" href=\"https:\/\/www.ibersaude.pt\/saude\/\" \/>\n<meta property=\"og:locale\" content=\"pt_PT\" \/>\n<meta property=\"og:type\" content=\"article\" \/>\n<meta property=\"og:title\" content=\"Inicio - Ibersa\u00fade Sa\u00fade\" \/>\n<meta property=\"og:description\" content=\"Cuidados domicili\u00e1rios e tratamento de feridas\" \/>\n<meta property=\"og:url\" content=\"https:\/\/www.ibersaude.pt\/saude\/\" \/>\n<meta property=\"og:site_name\" content=\"Ibersa\u00fade Sa\u00fade\" \/>\n<meta property=\"article:modified_time\" content=\"2023-02-22T21:31:15+00:00\" \/>\n<meta name=\"twitter:card\" content=\"summary_large_image\" \/>\n<meta name=\"twitter:label1\" content=\"Tempo estimado de leitura\" \/>\n\t<meta name=\"twitter:data1\" content=\"2 minutos\" \/>\n<script type=\"application\/ld+json\" class=\"yoast-schema-graph\">{\"@context\":\"https:\/\/schema.org\",\"@graph\":[{\"@type\":\"WebPage\",\"@id\":\"https:\/\/www.ibersaude.pt\/saude\/\",\"url\":\"https:\/\/www.ibersaude.pt\/saude\/\",\"name\":\"Inicio - Ibersa\u00fade Sa\u00fade\",\"isPartOf\":{\"@id\":\"https:\/\/www.ibersaude.pt\/saude\/#website\"},\"datePublished\":\"2016-12-28T10:07:43+00:00\",\"dateModified\":\"2023-02-22T21:31:15+00:00\",\"description\":\"Cuidados domicili\u00e1rios e tratamento de feridas\",\"breadcrumb\":{\"@id\":\"https:\/\/www.ibersaude.pt\/saude\/#breadcrumb\"},\"inLanguage\":\"pt-PT\",\"potentialAction\":[{\"@type\":\"ReadAction\",\"target\":[\"https:\/\/www.ibersaude.pt\/saude\/\"]}]},{\"@type\":\"BreadcrumbList\",\"@id\":\"https:\/\/www.ibersaude.pt\/saude\/#breadcrumb\",\"itemListElement\":[{\"@type\":\"ListItem\",\"position\":1,\"name\":\"In\u00edcio\",\"item\":\"https:\/\/www.ibersaude.pt\/saude\/\"},{\"@type\":\"ListItem\",\"position\":2,\"name\":\"Inicio\"}]},{\"@type\":\"WebSite\",\"@id\":\"https:\/\/www.ibersaude.pt\/saude\/#website\",\"url\":\"https:\/\/www.ibersaude.pt\/saude\/\",\"name\":\"Ibersa\u00fade Sa\u00fade\",\"description\":\"Consigo em todos os momentos.\",\"potentialAction\":[{\"@type\":\"SearchAction\",\"target\":{\"@type\":\"EntryPoint\",\"urlTemplate\":\"https:\/\/www.ibersaude.pt\/saude\/?s={search_term_string}\"},\"query-input\":\"required name=search_term_string\"}],\"inLanguage\":\"pt-PT\"}]}<\/script>\n<!-- \/ Yoast SEO plugin. -->","yoast_head_json":{"title":"Inicio - Ibersa\u00fade Sa\u00fade","description":"Cuidados domicili\u00e1rios e tratamento de feridas","robots":{"index":"index","follow":"follow","max-snippet":"max-snippet:-1","max-image-preview":"max-image-preview:large","max-video-preview":"max-video-preview:-1"},"canonical":"https:\/\/www.ibersaude.pt\/saude\/","og_locale":"pt_PT","og_type":"article","og_title":"Inicio - Ibersa\u00fade Sa\u00fade","og_description":"Cuidados domicili\u00e1rios e tratamento de feridas","og_url":"https:\/\/www.ibersaude.pt\/saude\/","og_site_name":"Ibersa\u00fade Sa\u00fade","article_modified_time":"2023-02-22T21:31:15+00:00","twitter_card":"summary_large_image","twitter_misc":{"Tempo estimado de leitura":"2 minutos"},"schema":{"@context":"https:\/\/schema.org","@graph":[{"@type":"WebPage","@id":"https:\/\/www.ibersaude.pt\/saude\/","url":"https:\/\/www.ibersaude.pt\/saude\/","name":"Inicio - Ibersa\u00fade Sa\u00fade","isPartOf":{"@id":"https:\/\/www.ibersaude.pt\/saude\/#website"},"datePublished":"2016-12-28T10:07:43+00:00","dateModified":"2023-02-22T21:31:15+00:00","description":"Cuidados domicili\u00e1rios e tratamento de feridas","breadcrumb":{"@id":"https:\/\/www.ibersaude.pt\/saude\/#breadcrumb"},"inLanguage":"pt-PT","potentialAction":[{"@type":"ReadAction","target":["https:\/\/www.ibersaude.pt\/saude\/"]}]},{"@type":"BreadcrumbList","@id":"https:\/\/www.ibersaude.pt\/saude\/#breadcrumb","itemListElement":[{"@type":"ListItem","position":1,"name":"In\u00edcio","item":"https:\/\/www.ibersaude.pt\/saude\/"},{"@type":"ListItem","position":2,"name":"Inicio"}]},{"@type":"WebSite","@id":"https:\/\/www.ibersaude.pt\/saude\/#website","url":"https:\/\/www.ibersaude.pt\/saude\/","name":"Ibersa\u00fade Sa\u00fade","description":"Consigo em todos os momentos.","potentialAction":[{"@type":"SearchAction","target":{"@type":"EntryPoint","urlTemplate":"https:\/\/www.ibersaude.pt\/saude\/?s={search_term_string}"},"query-input":"required name=search_term_string"}],"inLanguage":"pt-PT"}]}},"_links":{"self":[{"href":"https:\/\/www.ibersaude.pt\/saude\/wp-json\/wp\/v2\/pages\/2030","targetHints":{"allow":["GET"]}}],"collection":[{"href":"https:\/\/www.ibersaude.pt\/saude\/wp-json\/wp\/v2\/pages"}],"about":[{"href":"https:\/\/www.ibersaude.pt\/saude\/wp-json\/wp\/v2\/types\/page"}],"author":[{"embeddable":true,"href":"https:\/\/www.ibersaude.pt\/saude\/wp-json\/wp\/v2\/users\/1"}],"replies":[{"embeddable":true,"href":"https:\/\/www.ibersaude.pt\/saude\/wp-json\/wp\/v2\/comments?post=2030"}],"version-history":[{"count":66,"href":"https:\/\/www.ibersaude.pt\/saude\/wp-json\/wp\/v2\/pages\/2030\/revisions"}],"predecessor-version":[{"id":2564,"href":"https:\/\/www.ibersaude.pt\/saude\/wp-json\/wp\/v2\/pages\/2030\/revisions\/2564"}],"wp:attachment":[{"href":"https:\/\/www.ibersaude.pt\/saude\/wp-json\/wp\/v2\/media?parent=2030"}],"curies":[{"name":"wp","href":"https:\/\/api.w.org\/{rel}","templated":true}]}}