{"id":1326,"date":"2016-10-10T10:07:02","date_gmt":"2016-10-10T10:07:02","guid":{"rendered":"http:\/\/children2.secretlab.name\/?page_id=1326"},"modified":"2024-11-08T14:18:04","modified_gmt":"2024-11-08T14:18:04","slug":"contactos","status":"publish","type":"page","link":"https:\/\/www.ibersaude.pt\/saude\/contactos\/","title":{"rendered":"Contactos"},"content":{"rendered":"<p>[vc_row css=&#8221;.vc_custom_1676649580428{margin-top: -70px !important;}&#8221;][vc_column][vc_custom_heading text=&#8221;Contactos&#8221; font_container=&#8221;tag:h2|font_size:46|text_align:center&#8221; google_fonts=&#8221;font_family:Jockey%20One%3Aregular|font_style:400%20regular%3A400%3Anormal&#8221;][\/vc_column][\/vc_row][vc_row][vc_column][vc_separator color=&#8221;custom&#8221; border_width=&#8221;4&#8243; el_width=&#8221;20&#8243; accent_color=&#8221;#f8a42a&#8221;][vc_custom_heading text=&#8221;Podemos ajudar!&#8221; font_container=&#8221;tag:p|font_size:16|text_align:center|color:%23000000&#8243; use_theme_fonts=&#8221;yes&#8221; css=&#8221;.vc_custom_1664368252804{margin-top: 30px !important;margin-bottom: 60px !important;}&#8221;][\/vc_column][\/vc_row][vc_row css=&#8221;.vc_custom_1463472567025{padding-top: 45px !important;}&#8221;][vc_column width=&#8221;1\/2&#8243;][vc_column_text]Conhe\u00e7a melhor os nossos servi\u00e7os, solicite um or\u00e7amento sem compromisso, ou simplesmente coloque a sua quest\u00e3o.[\/vc_column_text][vc_custom_heading text=&#8221;Ibersa\u00fade&#8221; font_container=&#8221;tag:h2|font_size:22|text_align:left&#8221; google_fonts=&#8221;font_family:Jockey%20One%3Aregular|font_style:400%20regular%3A400%3Anormal&#8221;]<div class=\"uavc-list-icon uavc-list-icon-wrapper ult-adjust-bottom-margin contacticons liclear  \"><ul class=\"uavc-list\"><li><div class=\"uavc-list-content\" id=\"list-icon-wrap-9895\">\n<div class=\"uavc-list-icon  \" data-animation=\"\" data-animation-delay=\"03\" style=\"margin-right:5px;\"><div class=\"ult-just-icon-wrapper  \"><div class=\"align-icon\" style=\"text-align:center;\">\n<div class=\"aio-icon none \"  style=\"color:#f4664e;font-size:28px;display:inline-block;\">\n\t<i class=\"Defaults-map-marker\"><\/i>\n<\/div><\/div><\/div>\n<\/div><span  data-ultimate-target='#list-icon-wrap-9895 .uavc-list-desc'  data-responsive-json-new='{\"font-size\":\"\",\"line-height\":\"\"}'  class=\"uavc-list-desc ult-responsive\" style=\"\"><strong>Morada:<\/strong><br \/>\nAvenida da Liberdade, 328 1\u00ba andar<br \/>\n2975-192 Quinta do Conde<\/span><\/div><\/li><li><div class=\"uavc-list-content\" id=\"list-icon-wrap-9735\">\n<div class=\"uavc-list-icon  \" data-animation=\"\" data-animation-delay=\"03\" style=\"margin-right:5px;\"><div class=\"ult-just-icon-wrapper  \"><div class=\"align-icon\" style=\"text-align:center;\">\n<div class=\"aio-icon none \"  style=\"color:#9979ed;font-size:28px;display:inline-block;\">\n\t<i class=\"Defaults-phone\"><\/i>\n<\/div><\/div><\/div>\n<\/div><span  data-ultimate-target='#list-icon-wrap-9735 .uavc-list-desc'  data-responsive-json-new='{\"font-size\":\"\",\"line-height\":\"\"}'  class=\"uavc-list-desc ult-responsive\" style=\"\"><strong>Telefone:<\/strong> +351 914 288 519<\/span><\/div><\/li><li><div class=\"uavc-list-content\" id=\"list-icon-wrap-6658\">\n<div class=\"uavc-list-icon  \" data-animation=\"\" data-animation-delay=\"03\" style=\"margin-right:5px;\"><div class=\"ult-just-icon-wrapper  \"><div class=\"align-icon\" style=\"text-align:center;\">\n<div class=\"aio-icon none \"  style=\"color:#f8a42a;font-size:28px;display:inline-block;\">\n\t<i class=\"Defaults-envelope-o\"><\/i>\n<\/div><\/div><\/div>\n<\/div><span  data-ultimate-target='#list-icon-wrap-6658 .uavc-list-desc'  data-responsive-json-new='{\"font-size\":\"\",\"line-height\":\"\"}'  class=\"uavc-list-desc ult-responsive\" style=\"\"><strong>Email: <\/strong><a href=\"mailto:geral@ibersaude.pt\">geral@ibersaude.pt<\/a><\/span><\/div><\/li><\/ul><\/div>[\/vc_column][vc_column width=&#8221;1\/2&#8243;][vc_gmaps link=&#8221;#E-8_JTNDaWZyYW1lJTIwc3JjJTNEJTIyaHR0cHMlM0ElMkYlMkZ3d3cuZ29vZ2xlLmNvbSUyRm1hcHMlMkZlbWJlZCUzRnBiJTNEJTIxMW0xOCUyMTFtMTIlMjExbTMlMjExZDM3NzcuNzI0MzE1MjI5NTEyJTIxMmQtOS4wNTQ4OTg0MjM0NTU3MDglMjEzZDM4LjU2NDQzNjc3MTc5NzEwNSUyMTJtMyUyMTFmMCUyMTJmMCUyMTNmMCUyMTNtMiUyMTFpMTAyNCUyMTJpNzY4JTIxNGYxMy4xJTIxM20zJTIxMW0yJTIxMXMweGQxOTQ4ZDllNGE2MzkwNSUyNTNBMHg0YmY0ZDhkNWVmOWU3OGM2JTIxMnNBdi4lMjUyMGRhJTI1MjBMaWJlcmRhZGUlMjUyMDMyOCUyNTIwMSUyNUMyJTI1QkElMjUyMGFuZGFyJTI1MkMlMjUyMDI5NzUtMTkyJTI1MjBRLnRhJTI1MjBkbyUyNTIwQ29uZGUlMjE1ZTElMjEzbTIlMjExc3B0LVBUJTIxMnNwdCUyMTR2MTczMTA3NTQ0MDg2MiUyMTVtMiUyMTFzcHQtUFQlMjEyc3B0JTIyJTIwd2lkdGglM0QlMjI2MDAlMjIlMjBoZWlnaHQlM0QlMjI0NTAlMjIlMjBzdHlsZSUzRCUyMmJvcmRlciUzQTAlM0IlMjIlMjBhbGxvd2Z1bGxzY3JlZW4lM0QlMjIlMjIlMjBsb2FkaW5nJTNEJTIybGF6eSUyMiUyMHJlZmVycmVycG9saWN5JTNEJTIybm8tcmVmZXJyZXItd2hlbi1kb3duZ3JhZGUlMjIlM0UlM0MlMkZpZnJhbWUlM0U=&#8221;][\/vc_column][\/vc_row]<\/p>\n","protected":false},"excerpt":{"rendered":"<p>[vc_row css=&#8221;.vc_custom_1676649580428{margin-top: -70px !important;}&#8221;][vc_column][vc_custom_heading text=&#8221;Contactos&#8221; font_container=&#8221;tag:h2|font_size:46|text_align:center&#8221; google_fonts=&#8221;font_family:Jockey%20One%3Aregular|font_style:400%20regular%3A400%3Anormal&#8221;][\/vc_column][\/vc_row][vc_row][vc_column][vc_separator color=&#8221;custom&#8221; border_width=&#8221;4&#8243; el_width=&#8221;20&#8243; accent_color=&#8221;#f8a42a&#8221;][vc_custom_heading text=&#8221;Podemos ajudar!&#8221; font_container=&#8221;tag:p|font_size:16|text_align:center|color:%23000000&#8243; use_theme_fonts=&#8221;yes&#8221; css=&#8221;.vc_custom_1664368252804{margin-top: 30px !important;margin-bottom: 60px !important;}&#8221;][\/vc_column][\/vc_row][vc_row css=&#8221;.vc_custom_1463472567025{padding-top: 45px !important;}&#8221;][vc_column width=&#8221;1\/2&#8243;][vc_column_text]Conhe\u00e7a melhor os nossos servi\u00e7os, solicite um or\u00e7amento sem compromisso, ou simplesmente coloque a sua quest\u00e3o.[\/vc_column_text][vc_custom_heading text=&#8221;Ibersa\u00fade&#8221; font_container=&#8221;tag:h2|font_size:22|text_align:left&#8221; google_fonts=&#8221;font_family:Jockey%20One%3Aregular|font_style:400%20regular%3A400%3Anormal&#8221;][\/vc_column][vc_column width=&#8221;1\/2&#8243;][vc_gmaps link=&#8221;#E-8_JTNDaWZyYW1lJTIwc3JjJTNEJTIyaHR0cHMlM0ElMkYlMkZ3d3cuZ29vZ2xlLmNvbSUyRm1hcHMlMkZlbWJlZCUzRnBiJTNEJTIxMW0xOCUyMTFtMTIlMjExbTMlMjExZDM3NzcuNzI0MzE1MjI5NTEyJTIxMmQtOS4wNTQ4OTg0MjM0NTU3MDglMjEzZDM4LjU2NDQzNjc3MTc5NzEwNSUyMTJtMyUyMTFmMCUyMTJmMCUyMTNmMCUyMTNtMiUyMTFpMTAyNCUyMTJpNzY4JTIxNGYxMy4xJTIxM20zJTIxMW0yJTIxMXMweGQxOTQ4ZDllNGE2MzkwNSUyNTNBMHg0YmY0ZDhkNWVmOWU3OGM2JTIxMnNBdi4lMjUyMGRhJTI1MjBMaWJlcmRhZGUlMjUyMDMyOCUyNTIwMSUyNUMyJTI1QkElMjUyMGFuZGFyJTI1MkMlMjUyMDI5NzUtMTkyJTI1MjBRLnRhJTI1MjBkbyUyNTIwQ29uZGUlMjE1ZTElMjEzbTIlMjExc3B0LVBUJTIxMnNwdCUyMTR2MTczMTA3NTQ0MDg2MiUyMTVtMiUyMTFzcHQtUFQlMjEyc3B0JTIyJTIwd2lkdGglM0QlMjI2MDAlMjIlMjBoZWlnaHQlM0QlMjI0NTAlMjIlMjBzdHlsZSUzRCUyMmJvcmRlciUzQTAlM0IlMjIlMjBhbGxvd2Z1bGxzY3JlZW4lM0QlMjIlMjIlMjBsb2FkaW5nJTNEJTIybGF6eSUyMiUyMHJlZmVycmVycG9saWN5JTNEJTIybm8tcmVmZXJyZXItd2hlbi1kb3duZ3JhZGUlMjIlM0UlM0MlMkZpZnJhbWUlM0U=&#8221;][\/vc_column][\/vc_row]<\/p>\n","protected":false},"author":1,"featured_media":0,"parent":0,"menu_order":0,"comment_status":"closed","ping_status":"closed","template":"","meta":{"_joinchat":[],"footnotes":""},"class_list":["post-1326","page","type-page","status-publish","hentry"],"yoast_head":"<!-- This site is optimized with the Yoast SEO plugin v21.4 - https:\/\/yoast.com\/wordpress\/plugins\/seo\/ -->\n<title>Contactos - Ibersa\u00fade Sa\u00fade<\/title>\n<meta name=\"description\" content=\"Contactos Ibersa\u00fade\" \/>\n<meta name=\"robots\" content=\"index, follow, max-snippet:-1, max-image-preview:large, max-video-preview:-1\" \/>\n<link rel=\"canonical\" href=\"https:\/\/www.ibersaude.pt\/saude\/contactos\/\" \/>\n<meta property=\"og:locale\" content=\"pt_PT\" \/>\n<meta property=\"og:type\" content=\"article\" \/>\n<meta property=\"og:title\" content=\"Contactos - Ibersa\u00fade Sa\u00fade\" \/>\n<meta property=\"og:description\" content=\"Contactos Ibersa\u00fade\" \/>\n<meta property=\"og:url\" content=\"https:\/\/www.ibersaude.pt\/saude\/contactos\/\" \/>\n<meta property=\"og:site_name\" content=\"Ibersa\u00fade Sa\u00fade\" \/>\n<meta property=\"article:modified_time\" content=\"2024-11-08T14:18:04+00:00\" \/>\n<meta name=\"twitter:card\" content=\"summary_large_image\" \/>\n<meta name=\"twitter:label1\" content=\"Tempo estimado de leitura\" \/>\n\t<meta name=\"twitter:data1\" content=\"1 minuto\" \/>\n<script type=\"application\/ld+json\" class=\"yoast-schema-graph\">{\"@context\":\"https:\/\/schema.org\",\"@graph\":[{\"@type\":\"WebPage\",\"@id\":\"https:\/\/www.ibersaude.pt\/saude\/contactos\/\",\"url\":\"https:\/\/www.ibersaude.pt\/saude\/contactos\/\",\"name\":\"Contactos - Ibersa\u00fade Sa\u00fade\",\"isPartOf\":{\"@id\":\"https:\/\/www.ibersaude.pt\/saude\/#website\"},\"datePublished\":\"2016-10-10T10:07:02+00:00\",\"dateModified\":\"2024-11-08T14:18:04+00:00\",\"description\":\"Contactos Ibersa\u00fade\",\"breadcrumb\":{\"@id\":\"https:\/\/www.ibersaude.pt\/saude\/contactos\/#breadcrumb\"},\"inLanguage\":\"pt-PT\",\"potentialAction\":[{\"@type\":\"ReadAction\",\"target\":[\"https:\/\/www.ibersaude.pt\/saude\/contactos\/\"]}]},{\"@type\":\"BreadcrumbList\",\"@id\":\"https:\/\/www.ibersaude.pt\/saude\/contactos\/#breadcrumb\",\"itemListElement\":[{\"@type\":\"ListItem\",\"position\":1,\"name\":\"In\u00edcio\",\"item\":\"https:\/\/www.ibersaude.pt\/saude\/\"},{\"@type\":\"ListItem\",\"position\":2,\"name\":\"Contactos\"}]},{\"@type\":\"WebSite\",\"@id\":\"https:\/\/www.ibersaude.pt\/saude\/#website\",\"url\":\"https:\/\/www.ibersaude.pt\/saude\/\",\"name\":\"Ibersa\u00fade Sa\u00fade\",\"description\":\"Consigo em todos os momentos.\",\"potentialAction\":[{\"@type\":\"SearchAction\",\"target\":{\"@type\":\"EntryPoint\",\"urlTemplate\":\"https:\/\/www.ibersaude.pt\/saude\/?s={search_term_string}\"},\"query-input\":\"required name=search_term_string\"}],\"inLanguage\":\"pt-PT\"}]}<\/script>\n<!-- \/ Yoast SEO plugin. -->","yoast_head_json":{"title":"Contactos - Ibersa\u00fade Sa\u00fade","description":"Contactos Ibersa\u00fade","robots":{"index":"index","follow":"follow","max-snippet":"max-snippet:-1","max-image-preview":"max-image-preview:large","max-video-preview":"max-video-preview:-1"},"canonical":"https:\/\/www.ibersaude.pt\/saude\/contactos\/","og_locale":"pt_PT","og_type":"article","og_title":"Contactos - Ibersa\u00fade Sa\u00fade","og_description":"Contactos Ibersa\u00fade","og_url":"https:\/\/www.ibersaude.pt\/saude\/contactos\/","og_site_name":"Ibersa\u00fade Sa\u00fade","article_modified_time":"2024-11-08T14:18:04+00:00","twitter_card":"summary_large_image","twitter_misc":{"Tempo estimado de leitura":"1 minuto"},"schema":{"@context":"https:\/\/schema.org","@graph":[{"@type":"WebPage","@id":"https:\/\/www.ibersaude.pt\/saude\/contactos\/","url":"https:\/\/www.ibersaude.pt\/saude\/contactos\/","name":"Contactos - Ibersa\u00fade Sa\u00fade","isPartOf":{"@id":"https:\/\/www.ibersaude.pt\/saude\/#website"},"datePublished":"2016-10-10T10:07:02+00:00","dateModified":"2024-11-08T14:18:04+00:00","description":"Contactos Ibersa\u00fade","breadcrumb":{"@id":"https:\/\/www.ibersaude.pt\/saude\/contactos\/#breadcrumb"},"inLanguage":"pt-PT","potentialAction":[{"@type":"ReadAction","target":["https:\/\/www.ibersaude.pt\/saude\/contactos\/"]}]},{"@type":"BreadcrumbList","@id":"https:\/\/www.ibersaude.pt\/saude\/contactos\/#breadcrumb","itemListElement":[{"@type":"ListItem","position":1,"name":"In\u00edcio","item":"https:\/\/www.ibersaude.pt\/saude\/"},{"@type":"ListItem","position":2,"name":"Contactos"}]},{"@type":"WebSite","@id":"https:\/\/www.ibersaude.pt\/saude\/#website","url":"https:\/\/www.ibersaude.pt\/saude\/","name":"Ibersa\u00fade Sa\u00fade","description":"Consigo em todos os momentos.","potentialAction":[{"@type":"SearchAction","target":{"@type":"EntryPoint","urlTemplate":"https:\/\/www.ibersaude.pt\/saude\/?s={search_term_string}"},"query-input":"required name=search_term_string"}],"inLanguage":"pt-PT"}]}},"_links":{"self":[{"href":"https:\/\/www.ibersaude.pt\/saude\/wp-json\/wp\/v2\/pages\/1326","targetHints":{"allow":["GET"]}}],"collection":[{"href":"https:\/\/www.ibersaude.pt\/saude\/wp-json\/wp\/v2\/pages"}],"about":[{"href":"https:\/\/www.ibersaude.pt\/saude\/wp-json\/wp\/v2\/types\/page"}],"author":[{"embeddable":true,"href":"https:\/\/www.ibersaude.pt\/saude\/wp-json\/wp\/v2\/users\/1"}],"replies":[{"embeddable":true,"href":"https:\/\/www.ibersaude.pt\/saude\/wp-json\/wp\/v2\/comments?post=1326"}],"version-history":[{"count":13,"href":"https:\/\/www.ibersaude.pt\/saude\/wp-json\/wp\/v2\/pages\/1326\/revisions"}],"predecessor-version":[{"id":2580,"href":"https:\/\/www.ibersaude.pt\/saude\/wp-json\/wp\/v2\/pages\/1326\/revisions\/2580"}],"wp:attachment":[{"href":"https:\/\/www.ibersaude.pt\/saude\/wp-json\/wp\/v2\/media?parent=1326"}],"curies":[{"name":"wp","href":"https:\/\/api.w.org\/{rel}","templated":true}]}}